{"id":264,"date":"2024-03-19T15:40:43","date_gmt":"2024-03-19T15:40:43","guid":{"rendered":"https:\/\/woodygrace.com\/?page_id=264"},"modified":"2026-03-27T19:23:49","modified_gmt":"2026-03-27T18:23:49","slug":"mentions-legales","status":"publish","type":"page","link":"https:\/\/woodygrace.com\/en\/mentions-legales\/","title":{"rendered":"Legal information"},"content":{"rendered":"<div class=\"wp-block-group is-layout-constrained wp-block-group-is-layout-constrained\">\n<h2 class=\"wp-block-heading has-text-align-center has-luminous-vivid-amber-color has-text-color has-link-color has-x-large-font-size wp-elements-d488d6db1f65251d0427e0cd009ca035\"><br>Head office<\/h2>\n\n\n\n<p class=\"has-text-align-center has-background-color has-text-color has-link-color wp-elements-275f832b6e5a099a68510a51ca677c10\"><\/p>\n\n\n\n<p><\/p>\n\n\n\n<p class=\"has-text-align-center\"><strong>Micro-entreprise Woody Grace<\/strong> \u2014 Cindy Pailhous<\/p>\n\n\n\n<p class=\"has-text-align-center\"><strong>Si\u00e8ge<\/strong> : 69580 Sathonay \u2014 Rh\u00f4ne-Alpes<\/p>\n\n\n\n<p class=\"has-text-align-center\"><strong>T\u00e9l\u00e9phone <\/strong>: 09 71 35 46 74<\/p>\n\n\n\n<p class=\"has-text-align-center\"><strong>Email <\/strong>: <a href=\"mailto:contact@woodygrace.com\">contact@woodygrace.com<\/a><\/p>\n\n\n\n<p class=\"has-text-align-center\"><strong>Directrice de la publication <\/strong>: Cindy Pailhous<\/p>\n\n\n\n<p class=\"has-text-align-center\"><strong>H\u00e9bergeur <\/strong>: Hostinger International Ltd \u2014 61 Lordou Vironos Street, 6023 Larnaca, Chypre \u2014 <a href=\"http:\/\/www.hostinger.fr\" target=\"_blank\" rel=\"noopener\">www.hostinger.fr<\/a><\/p>\n\n\n\n<h2 class=\"wp-block-heading has-text-align-center has-luminous-vivid-amber-color has-text-color has-link-color has-x-large-font-size wp-elements-db9f85a6b7da87e5a2deb108b43fc1c0\">Registration<\/h2>\n\n\n\n<p class=\"has-text-align-center has-background-color has-text-color has-link-color wp-elements-fd3c4b7ced7a0b41c227613a6903005b\">Inscription au Registre des M\u00e9tiers \u2014 Num\u00e9ro : 847 956 075<\/p>\n<\/div>\n\n\n\n<p><\/p>","protected":false},"excerpt":{"rendered":"<p>Si\u00e8ge social Micro-entreprise Woody Grace \u2014 Cindy Pailhous Si\u00e8ge : 69580 Sathonay \u2014 Rh\u00f4ne-Alpes T\u00e9l\u00e9phone : 09 71 35 46 74 Email : contact@woodygrace.com Directrice de la publication : Cindy Pailhous H\u00e9bergeur : Hostinger International Ltd \u2014 61 Lordou Vironos Street, 6023 Larnaca, Chypre \u2014 www.hostinger.fr Immatriculation Inscription au Registre des M\u00e9tiers \u2014 Num\u00e9ro :<a href=\"https:\/\/woodygrace.com\/en\/mentions-legales\/\">Continue reading <span class=\"sr-only\">\u00ab\u00a0Mentions L\u00e9gales\u00a0\u00bb<\/span><\/a><\/p>","protected":false},"author":3,"featured_media":0,"parent":0,"menu_order":0,"comment_status":"closed","ping_status":"closed","template":"LegalPagesTemplate.php","meta":{"footnotes":""},"class_list":["post-264","page","type-page","status-publish","hentry"],"acf":[],"jetpack_sharing_enabled":true,"_links":{"self":[{"href":"https:\/\/woodygrace.com\/en\/wp-json\/wp\/v2\/pages\/264","targetHints":{"allow":["GET"]}}],"collection":[{"href":"https:\/\/woodygrace.com\/en\/wp-json\/wp\/v2\/pages"}],"about":[{"href":"https:\/\/woodygrace.com\/en\/wp-json\/wp\/v2\/types\/page"}],"author":[{"embeddable":true,"href":"https:\/\/woodygrace.com\/en\/wp-json\/wp\/v2\/users\/3"}],"replies":[{"embeddable":true,"href":"https:\/\/woodygrace.com\/en\/wp-json\/wp\/v2\/comments?post=264"}],"version-history":[{"count":14,"href":"https:\/\/woodygrace.com\/en\/wp-json\/wp\/v2\/pages\/264\/revisions"}],"predecessor-version":[{"id":581,"href":"https:\/\/woodygrace.com\/en\/wp-json\/wp\/v2\/pages\/264\/revisions\/581"}],"wp:attachment":[{"href":"https:\/\/woodygrace.com\/en\/wp-json\/wp\/v2\/media?parent=264"}],"curies":[{"name":"wp","href":"https:\/\/api.w.org\/{rel}","templated":true}]}}