{"id":244,"date":"2024-03-16T14:26:59","date_gmt":"2024-03-16T14:26:59","guid":{"rendered":"https:\/\/woodygrace.com\/?post_type=product&#038;p=244"},"modified":"2024-07-01T13:48:06","modified_gmt":"2024-07-01T13:48:06","slug":"it-psycho-mini-3","status":"publish","type":"product","link":"https:\/\/woodygrace.com\/en\/product\/it-psycho-mini-3\/","title":{"rendered":"It Psycho-Mini 3"},"content":{"rendered":"<h2>Qu&rsquo;est-ce que le Lorem Ipsum?<\/h2>\n<p>Le\u00a0<strong>Lorem Ipsum<\/strong>\u00a0est simplement du faux texte employ\u00e9 dans la composition et la mise en page avant impression. Le Lorem Ipsum est le faux texte standard de l&rsquo;imprimerie depuis les ann\u00e9es 1500, quand un imprimeur anonyme assembla ensemble des morceaux de texte pour r\u00e9aliser un livre sp\u00e9cimen de polices de texte. Il n&rsquo;a pas fait que survivre cinq si\u00e8cles, mais s&rsquo;est aussi adapt\u00e9 \u00e0 la bureautique informatique, sans que son contenu n&rsquo;en soit modifi\u00e9. Il a \u00e9t\u00e9 popularis\u00e9 dans les ann\u00e9es 1960 gr\u00e2ce \u00e0 la vente de feuilles Letraset contenant des passages du Lorem Ipsum, et, plus r\u00e9cemment, par son inclusion dans des applications de mise en page de texte, comme Aldus PageMaker.<\/p>\n<p>&nbsp;<\/p>\n<h2>Qu&rsquo;est-ce que le Lorem Ipsum?<\/h2>\n<p>Le\u00a0<strong>Lorem Ipsum<\/strong>\u00a0est simplement du faux texte employ\u00e9 dans la composition et la mise en page avant impression. Le Lorem Ipsum est le faux texte standard de l&rsquo;imprimerie depuis les ann\u00e9es 1500, quand un imprimeur anonyme assembla ensemble des morceaux de texte pour r\u00e9aliser un livre sp\u00e9cimen de polices de texte. Il n&rsquo;a pas fait que survivre cinq si\u00e8cles, mais s&rsquo;est aussi adapt\u00e9 \u00e0 la bureautique informatique, sans que son contenu n&rsquo;en soit modifi\u00e9. Il a \u00e9t\u00e9 popularis\u00e9 dans les ann\u00e9es 1960 gr\u00e2ce \u00e0 la vente de feuilles Letraset contenant des passages du Lorem Ipsum, et, plus r\u00e9cemment, par son inclusion dans des applications de mise en page de texte, comme Aldus PageMaker.<\/p>\n<p>&nbsp;<\/p>\n<h2>Qu&rsquo;est-ce que le Lorem Ipsum?<\/h2>\n<p>Le\u00a0<strong>Lorem Ipsum<\/strong>\u00a0est simplement du faux texte employ\u00e9 dans la composition et la mise en page avant impression. Le Lorem Ipsum est le faux texte standard de l&rsquo;imprimerie depuis les ann\u00e9es 1500, quand un imprimeur anonyme assembla ensemble des morceaux de texte pour r\u00e9aliser un livre sp\u00e9cimen de polices de texte. Il n&rsquo;a pas fait que survivre cinq si\u00e8cles, mais s&rsquo;est aussi adapt\u00e9 \u00e0 la bureautique informatique, sans que son contenu n&rsquo;en soit modifi\u00e9. Il a \u00e9t\u00e9 popularis\u00e9 dans les ann\u00e9es 1960 gr\u00e2ce \u00e0 la vente de feuilles Letraset contenant des passages du Lorem Ipsum, et, plus r\u00e9cemment, par son inclusion dans des applications de mise en page de texte, comme Aldus PageMaker.<\/p>","protected":false},"excerpt":{"rendered":"<p>Je suis une peluche de qualit\u00e9 ilf aut m&rsquo;acheter parce que voil\u00e0 c&rsquo;est trop bien je sais pas quoi \u00e9crire mais ce doit \u00eatre un court r\u00e9sum\u00e9 blabla osef et tout voil\u00e0 quoi.<\/p>","protected":false},"featured_media":98,"comment_status":"closed","ping_status":"closed","template":"","meta":[],"product_brand":[],"product_cat":[15],"product_tag":[],"class_list":{"0":"post-244","1":"product","2":"type-product","3":"status-publish","4":"has-post-thumbnail","6":"product_cat-uncategorized","8":"first","9":"outofstock","10":"shipping-taxable","11":"purchasable","12":"product-type-simple"},"acf":[],"jetpack_sharing_enabled":true,"_links":{"self":[{"href":"https:\/\/woodygrace.com\/en\/wp-json\/wp\/v2\/product\/244","targetHints":{"allow":["GET"]}}],"collection":[{"href":"https:\/\/woodygrace.com\/en\/wp-json\/wp\/v2\/product"}],"about":[{"href":"https:\/\/woodygrace.com\/en\/wp-json\/wp\/v2\/types\/product"}],"replies":[{"embeddable":true,"href":"https:\/\/woodygrace.com\/en\/wp-json\/wp\/v2\/comments?post=244"}],"wp:featuredmedia":[{"embeddable":true,"href":"https:\/\/woodygrace.com\/en\/wp-json\/wp\/v2\/media\/98"}],"wp:attachment":[{"href":"https:\/\/woodygrace.com\/en\/wp-json\/wp\/v2\/media?parent=244"}],"wp:term":[{"taxonomy":"product_brand","embeddable":true,"href":"https:\/\/woodygrace.com\/en\/wp-json\/wp\/v2\/product_brand?post=244"},{"taxonomy":"product_cat","embeddable":true,"href":"https:\/\/woodygrace.com\/en\/wp-json\/wp\/v2\/product_cat?post=244"},{"taxonomy":"product_tag","embeddable":true,"href":"https:\/\/woodygrace.com\/en\/wp-json\/wp\/v2\/product_tag?post=244"}],"curies":[{"name":"wp","href":"https:\/\/api.w.org\/{rel}","templated":true}]}}